{"id":4722,"date":"2022-10-31T23:49:51","date_gmt":"2022-10-31T23:49:51","guid":{"rendered":"https:\/\/www.cardslabgames.com\/wp\/?post_type=product&#038;p=4722"},"modified":"2025-10-03T09:00:36","modified_gmt":"2025-10-03T09:00:36","slug":"zookeepers-expansao","status":"publish","type":"product","link":"https:\/\/www.cardslabgames.com\/wp\/produto\/zookeepers-expansao\/","title":{"rendered":"Zookeepers + Expans\u00e3o"},"content":{"rendered":"<p>Cada jogo Zookeepers tem o seguinte conte\u00fado:<\/p>\n<ul>\n<li>Caixa;<\/li>\n<li>4 Tabuleiros individuais;<\/li>\n<li>70 Cartas de esp\u00e9cies (60 do jogo original + 10 cartas da expans\u00e3o);<\/li>\n<li>55 Cubos de recursos;<\/li>\n<li>24 Cartas de tratadores;<\/li>\n<li>8 Cartas de objetivos secretos;<\/li>\n<li>4 Cartas de regras;<\/li>\n<li>4 Fichas de jogador;<\/li>\n<li>2 Vouchers;<\/li>\n<li>1 Livro de regras;<\/li>\n<li>1 Saco de tecido.<\/li>\n<\/ul>\n<p>Tempo de Jogo: 30-60 minutos<br \/>\nN\u00ba de Jogadores 2-4 (6 juntando 2 jogos)<br \/>\nIdade M\u00ednima +10<\/p>\n<p>Aviso: Este jogo cont\u00e9m pe\u00e7as pequenas e n\u00e3o \u00e9 indicado para crian\u00e7as com menos de 3 anos.<\/p>\n","protected":false},"excerpt":{"rendered":"<p>Zookeepers \u00e9 um jogo para todas as idades a partir dos 10 anos, com dura\u00e7\u00e3o m\u00e9dia de 30 minutos para o modo de jogo mais r\u00e1pido e para 2 a 4 jogadores, com possibilidade extens\u00e3o para 6 jogadores na compra de 2 exemplares.<\/p>\n<p>&nbsp;<\/p>\n<p>Em Zookeepers cada jogador vai representar um Jardim Zool\u00f3gico com o objetivo de salvar o maior n\u00famero de esp\u00e9cies em risco de extin\u00e7\u00e3o. O jogo termina no momento em que um jogador salvar um determinado n\u00famero de esp\u00e9cies e os pontos s\u00e3o contabilizados. Quanto mais amea\u00e7ada for a esp\u00e9cie salva, mais pontos s\u00e3o obtidos.<\/p>\n<p>&nbsp;<\/p>\n<p><img loading=\"lazy\" class=\"alignnone wp-image-4308\" src=\"https:\/\/www.cardslabgames.com\/wp\/wp-content\/uploads\/2021\/10\/zookeepers_prod_desc_2-1024x457.jpg\" alt=\"\" width=\"607\" height=\"271\" srcset=\"https:\/\/www.cardslabgames.com\/wp\/wp-content\/uploads\/2021\/10\/zookeepers_prod_desc_2-1024x457.jpg 1024w, https:\/\/www.cardslabgames.com\/wp\/wp-content\/uploads\/2021\/10\/zookeepers_prod_desc_2-300x134.jpg 300w, https:\/\/www.cardslabgames.com\/wp\/wp-content\/uploads\/2021\/10\/zookeepers_prod_desc_2-768x343.jpg 768w, https:\/\/www.cardslabgames.com\/wp\/wp-content\/uploads\/2021\/10\/zookeepers_prod_desc_2-1536x686.jpg 1536w, https:\/\/www.cardslabgames.com\/wp\/wp-content\/uploads\/2021\/10\/zookeepers_prod_desc_2-416x186.jpg 416w, https:\/\/www.cardslabgames.com\/wp\/wp-content\/uploads\/2021\/10\/zookeepers_prod_desc_2-134x60.jpg 134w, https:\/\/www.cardslabgames.com\/wp\/wp-content\/uploads\/2021\/10\/zookeepers_prod_desc_2-202x90.jpg 202w, https:\/\/www.cardslabgames.com\/wp\/wp-content\/uploads\/2021\/10\/zookeepers_prod_desc_2.jpg 1660w\" sizes=\"(max-width: 607px) 100vw, 607px\" \/><img loading=\"lazy\" class=\"wp-image-4310 alignright\" src=\"https:\/\/www.cardslabgames.com\/wp\/wp-content\/uploads\/2021\/10\/zookeepers_prod_desc_3-2-1024x319.jpg\" alt=\"\" width=\"578\" height=\"180\" srcset=\"https:\/\/www.cardslabgames.com\/wp\/wp-content\/uploads\/2021\/10\/zookeepers_prod_desc_3-2-1024x319.jpg 1024w, https:\/\/www.cardslabgames.com\/wp\/wp-content\/uploads\/2021\/10\/zookeepers_prod_desc_3-2-300x94.jpg 300w, https:\/\/www.cardslabgames.com\/wp\/wp-content\/uploads\/2021\/10\/zookeepers_prod_desc_3-2-768x239.jpg 768w, https:\/\/www.cardslabgames.com\/wp\/wp-content\/uploads\/2021\/10\/zookeepers_prod_desc_3-2-416x130.jpg 416w, https:\/\/www.cardslabgames.com\/wp\/wp-content\/uploads\/2021\/10\/zookeepers_prod_desc_3-2-190x60.jpg 190w, https:\/\/www.cardslabgames.com\/wp\/wp-content\/uploads\/2021\/10\/zookeepers_prod_desc_3-2-289x90.jpg 289w, https:\/\/www.cardslabgames.com\/wp\/wp-content\/uploads\/2021\/10\/zookeepers_prod_desc_3-2.jpg 1514w\" sizes=\"(max-width: 578px) 100vw, 578px\" \/><\/p>\n<p>&nbsp;<\/p>\n<p>&nbsp;<\/p>\n<p>&nbsp;<\/p>\n<p>&nbsp;<\/p>\n<p>&nbsp;<\/p>\n<p>Cada carta possui um QR Code \u00fanico que redirecciona para o site do Jardim Zool\u00f3gico no contexto da esp\u00e9cie:<\/p>\n<p><a href=\"https:\/\/www.cardslabgames.com\/wp\/wp-content\/uploads\/2021\/10\/169490250_3833748960078793_6295728341772983806_n.jpg\"><img loading=\"lazy\" class=\"alignnone size-full wp-image-4617\" src=\"https:\/\/www.cardslabgames.com\/wp\/wp-content\/uploads\/2021\/10\/169490250_3833748960078793_6295728341772983806_n.jpg\" alt=\"\" width=\"2048\" height=\"1126\" srcset=\"https:\/\/www.cardslabgames.com\/wp\/wp-content\/uploads\/2021\/10\/169490250_3833748960078793_6295728341772983806_n.jpg 2048w, https:\/\/www.cardslabgames.com\/wp\/wp-content\/uploads\/2021\/10\/169490250_3833748960078793_6295728341772983806_n-300x165.jpg 300w, https:\/\/www.cardslabgames.com\/wp\/wp-content\/uploads\/2021\/10\/169490250_3833748960078793_6295728341772983806_n-1024x563.jpg 1024w, https:\/\/www.cardslabgames.com\/wp\/wp-content\/uploads\/2021\/10\/169490250_3833748960078793_6295728341772983806_n-768x422.jpg 768w, https:\/\/www.cardslabgames.com\/wp\/wp-content\/uploads\/2021\/10\/169490250_3833748960078793_6295728341772983806_n-1536x845.jpg 1536w, https:\/\/www.cardslabgames.com\/wp\/wp-content\/uploads\/2021\/10\/169490250_3833748960078793_6295728341772983806_n-416x229.jpg 416w, https:\/\/www.cardslabgames.com\/wp\/wp-content\/uploads\/2021\/10\/169490250_3833748960078793_6295728341772983806_n-109x60.jpg 109w, https:\/\/www.cardslabgames.com\/wp\/wp-content\/uploads\/2021\/10\/169490250_3833748960078793_6295728341772983806_n-164x90.jpg 164w\" sizes=\"(max-width: 2048px) 100vw, 2048px\" \/><\/a><\/p>\n<p>Exemplo de um setup para 3 jogadores:<\/p>\n<p><img loading=\"lazy\" class=\"alignnone size-large wp-image-4281\" src=\"https:\/\/www.cardslabgames.com\/wp\/wp-content\/uploads\/2021\/10\/Zookeepers3P-1024x576.jpg\" alt=\"\" width=\"980\" height=\"551\" srcset=\"https:\/\/www.cardslabgames.com\/wp\/wp-content\/uploads\/2021\/10\/Zookeepers3P-1024x576.jpg 1024w, https:\/\/www.cardslabgames.com\/wp\/wp-content\/uploads\/2021\/10\/Zookeepers3P-300x169.jpg 300w, https:\/\/www.cardslabgames.com\/wp\/wp-content\/uploads\/2021\/10\/Zookeepers3P-768x432.jpg 768w, https:\/\/www.cardslabgames.com\/wp\/wp-content\/uploads\/2021\/10\/Zookeepers3P-1536x864.jpg 1536w, https:\/\/www.cardslabgames.com\/wp\/wp-content\/uploads\/2021\/10\/Zookeepers3P-416x234.jpg 416w, https:\/\/www.cardslabgames.com\/wp\/wp-content\/uploads\/2021\/10\/Zookeepers3P-107x60.jpg 107w, https:\/\/www.cardslabgames.com\/wp\/wp-content\/uploads\/2021\/10\/Zookeepers3P-160x90.jpg 160w, https:\/\/www.cardslabgames.com\/wp\/wp-content\/uploads\/2021\/10\/Zookeepers3P.jpg 1920w\" sizes=\"(max-width: 980px) 100vw, 980px\" \/><\/p>\n<p>&nbsp;<\/p>\n","protected":false},"featured_media":4721,"comment_status":"open","ping_status":"closed","template":"","meta":[],"product_cat":[42],"product_tag":[],"_links":{"self":[{"href":"https:\/\/www.cardslabgames.com\/wp\/wp-json\/wp\/v2\/product\/4722"}],"collection":[{"href":"https:\/\/www.cardslabgames.com\/wp\/wp-json\/wp\/v2\/product"}],"about":[{"href":"https:\/\/www.cardslabgames.com\/wp\/wp-json\/wp\/v2\/types\/product"}],"replies":[{"embeddable":true,"href":"https:\/\/www.cardslabgames.com\/wp\/wp-json\/wp\/v2\/comments?post=4722"}],"wp:featuredmedia":[{"embeddable":true,"href":"https:\/\/www.cardslabgames.com\/wp\/wp-json\/wp\/v2\/media\/4721"}],"wp:attachment":[{"href":"https:\/\/www.cardslabgames.com\/wp\/wp-json\/wp\/v2\/media?parent=4722"}],"wp:term":[{"taxonomy":"product_cat","embeddable":true,"href":"https:\/\/www.cardslabgames.com\/wp\/wp-json\/wp\/v2\/product_cat?post=4722"},{"taxonomy":"product_tag","embeddable":true,"href":"https:\/\/www.cardslabgames.com\/wp\/wp-json\/wp\/v2\/product_tag?post=4722"}],"curies":[{"name":"wp","href":"https:\/\/api.w.org\/{rel}","templated":true}]}}